{"id":1568,"date":"2020-11-05T10:57:30","date_gmt":"2020-11-05T10:57:30","guid":{"rendered":"http:\/\/tzglaw.com\/?page_id=1568"},"modified":"2020-11-05T11:11:09","modified_gmt":"2020-11-05T11:11:09","slug":"deferred-action-for-childhood-arrivals-daca","status":"publish","type":"page","link":"https:\/\/tzglaw.com\/?page_id=1568","title":{"rendered":"Deferred Action for Childhood Arrivals (\u201cDACA\u201d)"},"content":{"rendered":"\t\t<div data-elementor-type=\"wp-page\" data-elementor-id=\"1568\" class=\"elementor elementor-1568\" data-elementor-settings=\"[]\">\n\t\t\t\t\t\t<div class=\"elementor-inner\">\n\t\t\t\t\t\t\t<div class=\"elementor-section-wrap\">\n\t\t\t\t\t\t\t<section class=\"elementor-section elementor-top-section elementor-element elementor-element-7f3502f elementor-section-boxed elementor-section-height-default elementor-section-height-default\" data-id=\"7f3502f\" data-element_type=\"section\">\n\t\t\t\t\t\t<div class=\"elementor-container elementor-column-gap-default\">\n\t\t\t\t\t\t\t<div class=\"elementor-row\">\n\t\t\t\t\t<div class=\"elementor-column elementor-col-100 elementor-top-column elementor-element elementor-element-38d0df9\" data-id=\"38d0df9\" data-element_type=\"column\">\n\t\t\t<div class=\"elementor-column-wrap elementor-element-populated\">\n\t\t\t\t\t\t\t<div class=\"elementor-widget-wrap\">\n\t\t\t\t\t\t<div class=\"elementor-element elementor-element-2dadf2d elementor-widget elementor-widget-heading\" data-id=\"2dadf2d\" data-element_type=\"widget\" data-widget_type=\"heading.default\">\n\t\t\t\t<div class=\"elementor-widget-container\">\n\t\t\t<h2 class=\"elementor-heading-title elementor-size-default\">Deferred Action for Childhood Arrivals (\u201cDACA\u201d)<\/h2>\t\t<\/div>\n\t\t\t\t<\/div>\n\t\t\t\t\t\t<\/div>\n\t\t\t\t\t<\/div>\n\t\t<\/div>\n\t\t\t\t\t\t\t\t<\/div>\n\t\t\t\t\t<\/div>\n\t\t<\/section>\n\t\t\t\t<section class=\"elementor-section elementor-top-section elementor-element elementor-element-03c4de2 elementor-section-boxed elementor-section-height-default elementor-section-height-default\" data-id=\"03c4de2\" data-element_type=\"section\">\n\t\t\t\t\t\t<div class=\"elementor-container elementor-column-gap-default\">\n\t\t\t\t\t\t\t<div class=\"elementor-row\">\n\t\t\t\t\t<div class=\"elementor-column elementor-col-100 elementor-top-column elementor-element elementor-element-5555e6f\" data-id=\"5555e6f\" data-element_type=\"column\">\n\t\t\t<div class=\"elementor-column-wrap elementor-element-populated\">\n\t\t\t\t\t\t\t<div class=\"elementor-widget-wrap\">\n\t\t\t\t\t\t<div class=\"elementor-element elementor-element-51fa6a0 elementor-widget elementor-widget-text-editor\" data-id=\"51fa6a0\" data-element_type=\"widget\" data-widget_type=\"text-editor.default\">\n\t\t\t\t<div class=\"elementor-widget-container\">\n\t\t\t\t\t<div class=\"elementor-text-editor elementor-clearfix\"><p><strong>Acci\u00f3n Diferida para los Llegados en la Infancia (\u201cDACA\u201d)<\/strong>, una orden ejecutiva emitida el 15 de junio de 2012 por el presidente Obama, protege a los j\u00f3venes inmigrantes elegibles que llegaron a los Estados Unidos cuando eran ni\u00f1os. DACA ofrece a los inmigrantes indocumentados elegibles:<\/p><p>protecci\u00f3n de deportaci\u00f3n temporal<br \/>y un permiso de trabajo que les permita obtener un n\u00famero de seguro social.<br \/>Como otros cambios importantes de pol\u00edtica, el programa DACA no fue el resultado de una decisi\u00f3n de la noche a la ma\u00f1ana. DACA fue posible gracias a muchos a\u00f1os de lucha y un movimiento liderado por j\u00f3venes indocumentados.<\/p><p>DACA es una soluci\u00f3n temporal que es un primer paso crucial en la direcci\u00f3n correcta, pero debido a que no es un estado legal y podr\u00eda cambiarse o cancelarse en cualquier momento, alentamos a las personas a participar en la defensa de la aprobaci\u00f3n de una soluci\u00f3n permanente.<\/p><p>\u00a0<\/p><p>1. ENTIENDA SU ELEGIBILIDAD PARA DACA<br \/>Es importante aprender todo lo que pueda sobre DACA para averiguar si tiene sentido que presente su solicitud.<\/p><p>Primero, querr\u00e1 confirmar que es elegible para DACA. Para ser elegible debe:<\/p><p>Haber tenido menos de 31 a\u00f1os al 15 de junio de 2012<br \/>Haber ingresado a los EE. UU. Antes de cumplir los 16 a\u00f1os<br \/>Haber residido continuamente en los EE. UU. Desde el 15 de junio de 2007 hasta la actualidad.<br \/>Ha estado f\u00edsicamente presente en los EE. UU. El 15 de junio de 2012 y en el momento en que solicita DACA<br \/>No tener estatus legal el 15 de junio de 2012<br \/>Actualmente inscrito en la escuela (o ha regresado a la escuela), se gradu\u00f3, obtuvo un certificado de finalizaci\u00f3n (por ejemplo, GED) O sea un veterano de los EE. UU. Dado de baja honorablemente<br \/>No haber sido condenado por un delito grave, un delito menor significativo, varios delitos menores o representar una amenaza para la seguridad nacional o la seguridad p\u00fablica.<\/p><p>3. RE\u00daNE SUS DOCUMENTOS DE SOLICITUD<br \/>Revise cuidadosamente las instrucciones oficiales de USCIS para recopilar sus documentos de solicitud previa.<\/p><p>A continuaci\u00f3n, se muestra un resumen de lo que necesitar\u00e1. NO env\u00ede documentos originales, ya que no ser\u00e1n devueltos:<\/p><p>Dos (2) fotograf\u00edas estilo pasaporte (para la solicitud de autorizaci\u00f3n de empleo) con su nombre y fecha de nacimiento escritos en la parte posterior<br \/>Copia de la p\u00e1gina biogr\u00e1fica del pasaporte extranjero y cualquier visa anterior y tarjetas I-94 (si est\u00e1n disponibles)<br \/>Copia del certificado de nacimiento original y traducci\u00f3n O pasaporte vigente<br \/>Copia de todos los casos de los tribunales penales o de tr\u00e1fico registrados (si corresponde)<br \/>Cada incidente \/ arresto \/ informe policial<br \/>Cada denuncia penal \/ documento de acusaci\u00f3n del fiscal de distrito (u otro fiscal)<br \/>Cada registro de disposici\u00f3n final del tribunal penal. Esa es la decisi\u00f3n final del juez en su caso que establece el resultado despu\u00e9s de un acuerdo, juicio o despido.<br \/>Despu\u00e9s de la condena que demuestre que complet\u00f3 todos los t\u00e9rminos de la libertad condicional \/ sentencia.<br \/>Copia de registros escolares,como:<br \/>Prueba de enlistamiento<br \/>Boletas de calificaciones y \/ o transcripciones<br \/>Tarjeta (s) de identificaci\u00f3n escolar<br \/>Premios de la escuela secundaria (y la universidad, si corresponde)<br \/>Copia del diploma de escuela secundaria o certificado GED (si corresponde)<br \/>Comprobante de entrada antes de los 16 a\u00f1os, residencia continua en EE. UU. Desde el 15 de junio de 2007 y presencia el 15 de junio de 2012, como:<br \/>Declaraciones de impuestos federales sobre la renta o transcripciones de impuestos (presentadas de forma independiente o como dependiente)<br \/>Registros de empleo, cartas de pasant\u00edas y trabajo voluntario, registros m\u00e9dicos<br \/>Arrendamientos, recibos de alquiler, otros recibos con fecha, facturas de servicios p\u00fablicos, facturas de tel\u00e9fonos celulares<br \/>Extractos bancarios, extractos de tarjetas de cr\u00e9dito, copias de cheques cancelados<br \/>Actas de nacimiento de ni\u00f1os y \/ o hermanos nacidos en los EE. UU. Durante el per\u00edodo indicado<br \/>Declaraciones juradas de familiares, amigos, maestros e iglesias que den fe de su presencia<br \/>Fotograf\u00edas que lo ubican en los EE. UU. Desde los 16 a\u00f1os y desde 2007<\/p><\/div>\n\t\t\t\t<\/div>\n\t\t\t\t<\/div>\n\t\t\t\t<div class=\"elementor-element elementor-element-f063a5c elementor-widget elementor-widget-heading\" data-id=\"f063a5c\" data-element_type=\"widget\" data-widget_type=\"heading.default\">\n\t\t\t\t<div class=\"elementor-widget-container\">\n\t\t\t<h2 class=\"elementor-heading-title elementor-size-default\">PRESENTA TU SOLICITUD AHORA<\/h2>\t\t<\/div>\n\t\t\t\t<\/div>\n\t\t\t\t<div class=\"elementor-element elementor-element-d4d76a4 elementor-widget elementor-widget-wpforms\" data-id=\"d4d76a4\" data-element_type=\"widget\" data-widget_type=\"wpforms.default\">\n\t\t\t\t<div class=\"elementor-widget-container\">\n\t\t\t<div class=\"wpforms-container \" id=\"wpforms-1367\"><form id=\"wpforms-form-1367\" class=\"wpforms-validate wpforms-form\" data-formid=\"1367\" method=\"post\" enctype=\"multipart\/form-data\" action=\"\/index.php?rest_route=%2Fwp%2Fv2%2Fpages%2F1568\" data-token=\"1cdd82344e4c13d9e3a8953577b5f59d\"><noscript class=\"wpforms-error-noscript\">Please enable JavaScript in your browser to complete this form.<\/noscript><div class=\"wpforms-field-container\"><div id=\"wpforms-1367-field_0-container\" class=\"wpforms-field wpforms-field-name\" data-field-id=\"0\"><label class=\"wpforms-field-label wpforms-label-hide\" for=\"wpforms-1367-field_0\">Name <span class=\"wpforms-required-label\">*<\/span><\/label><input type=\"text\" id=\"wpforms-1367-field_0\" class=\"wpforms-field-large wpforms-field-required\" name=\"wpforms[fields][0]\" placeholder=\"Your Name\" required><\/div><div id=\"wpforms-1367-field_1-container\" class=\"wpforms-field wpforms-field-email\" data-field-id=\"1\"><label class=\"wpforms-field-label wpforms-label-hide\" for=\"wpforms-1367-field_1\">Email <span class=\"wpforms-required-label\">*<\/span><\/label><input type=\"email\" id=\"wpforms-1367-field_1\" class=\"wpforms-field-large wpforms-field-required\" name=\"wpforms[fields][1]\" placeholder=\"Your Email\" required><\/div><div id=\"wpforms-1367-field_3-container\" class=\"wpforms-field wpforms-field-text\" data-field-id=\"3\"><label class=\"wpforms-field-label wpforms-label-hide\" for=\"wpforms-1367-field_3\">Subject <span class=\"wpforms-required-label\">*<\/span><\/label><input type=\"text\" id=\"wpforms-1367-field_3\" class=\"wpforms-field-large wpforms-field-required\" name=\"wpforms[fields][3]\" placeholder=\"Subject\" required><\/div><div id=\"wpforms-1367-field_2-container\" class=\"wpforms-field wpforms-field-textarea\" data-field-id=\"2\"><label class=\"wpforms-field-label wpforms-label-hide\" for=\"wpforms-1367-field_2\">Comment or Message <span class=\"wpforms-required-label\">*<\/span><\/label><textarea id=\"wpforms-1367-field_2\" class=\"wpforms-field-medium wpforms-field-required\" name=\"wpforms[fields][2]\" placeholder=\"Your Message\" required><\/textarea><\/div><\/div><div class=\"wpforms-field wpforms-field-hp\"><label for=\"wpforms-1367-field-hp\" class=\"wpforms-field-label\">Email<\/label><input type=\"text\" name=\"wpforms[hp]\" id=\"wpforms-1367-field-hp\" class=\"wpforms-field-medium\"><\/div><div class=\"wpforms-submit-container\" ><input type=\"hidden\" name=\"wpforms[id]\" value=\"1367\"><input type=\"hidden\" name=\"wpforms[author]\" value=\"1\"><button type=\"submit\" name=\"wpforms[submit]\" class=\"wpforms-submit \" id=\"wpforms-submit-1367\" value=\"wpforms-submit\" aria-live=\"assertive\" data-alt-text=\"Sending...\" data-submit-text=\"Submit\">Submit<\/button><\/div><\/form><\/div>  <!-- .wpforms-container -->\t\t<\/div>\n\t\t\t\t<\/div>\n\t\t\t\t\t\t<\/div>\n\t\t\t\t\t<\/div>\n\t\t<\/div>\n\t\t\t\t\t\t\t\t<\/div>\n\t\t\t\t\t<\/div>\n\t\t<\/section>\n\t\t\t\t\t\t<\/div>\n\t\t\t\t\t\t<\/div>\n\t\t\t\t\t<\/div>\n\t\t","protected":false},"excerpt":{"rendered":"<p>Deferred Action for Childhood Arrivals (\u201cDACA\u201d) Acci\u00f3n Diferida para los Llegados en la Infancia (\u201cDACA\u201d), una orden ejecutiva emitida el 15 de junio de 2012 por el presidente Obama, protege a los j\u00f3venes inmigrantes elegibles que llegaron a los Estados Unidos cuando eran ni\u00f1os. DACA ofrece a los inmigrantes indocumentados elegibles: protecci\u00f3n de deportaci\u00f3n temporal &hellip;<\/p>\n<p class=\"read-more\"> <a class=\"\" href=\"https:\/\/tzglaw.com\/?page_id=1568\"> <span class=\"screen-reader-text\">Deferred Action for Childhood Arrivals (\u201cDACA\u201d)<\/span> Read More &raquo;<\/a><\/p>\n","protected":false},"author":1,"featured_media":0,"parent":0,"menu_order":0,"comment_status":"closed","ping_status":"closed","template":"","meta":[],"_links":{"self":[{"href":"https:\/\/tzglaw.com\/index.php?rest_route=\/wp\/v2\/pages\/1568"}],"collection":[{"href":"https:\/\/tzglaw.com\/index.php?rest_route=\/wp\/v2\/pages"}],"about":[{"href":"https:\/\/tzglaw.com\/index.php?rest_route=\/wp\/v2\/types\/page"}],"author":[{"embeddable":true,"href":"https:\/\/tzglaw.com\/index.php?rest_route=\/wp\/v2\/users\/1"}],"replies":[{"embeddable":true,"href":"https:\/\/tzglaw.com\/index.php?rest_route=%2Fwp%2Fv2%2Fcomments&post=1568"}],"version-history":[{"count":5,"href":"https:\/\/tzglaw.com\/index.php?rest_route=\/wp\/v2\/pages\/1568\/revisions"}],"predecessor-version":[{"id":1578,"href":"https:\/\/tzglaw.com\/index.php?rest_route=\/wp\/v2\/pages\/1568\/revisions\/1578"}],"wp:attachment":[{"href":"https:\/\/tzglaw.com\/index.php?rest_route=%2Fwp%2Fv2%2Fmedia&parent=1568"}],"curies":[{"name":"wp","href":"https:\/\/api.w.org\/{rel}","templated":true}]}}