{"id":1465,"date":"2020-11-04T22:25:30","date_gmt":"2020-11-04T22:25:30","guid":{"rendered":"http:\/\/tzglaw.com\/?page_id=1465"},"modified":"2020-11-05T11:12:48","modified_gmt":"2020-11-05T11:12:48","slug":"ciudadania","status":"publish","type":"page","link":"https:\/\/tzglaw.com\/?page_id=1465","title":{"rendered":"Ciudadan\u00eda"},"content":{"rendered":"\t\t<div data-elementor-type=\"wp-page\" data-elementor-id=\"1465\" class=\"elementor elementor-1465\" data-elementor-settings=\"[]\">\n\t\t\t\t\t\t<div class=\"elementor-inner\">\n\t\t\t\t\t\t\t<div class=\"elementor-section-wrap\">\n\t\t\t\t\t\t\t<section class=\"elementor-section elementor-top-section elementor-element elementor-element-78d8bbf elementor-section-boxed elementor-section-height-default elementor-section-height-default\" data-id=\"78d8bbf\" data-element_type=\"section\">\n\t\t\t\t\t\t<div class=\"elementor-container elementor-column-gap-default\">\n\t\t\t\t\t\t\t<div class=\"elementor-row\">\n\t\t\t\t\t<div class=\"elementor-column elementor-col-100 elementor-top-column elementor-element elementor-element-4848d66\" data-id=\"4848d66\" data-element_type=\"column\">\n\t\t\t<div class=\"elementor-column-wrap elementor-element-populated\">\n\t\t\t\t\t\t\t<div class=\"elementor-widget-wrap\">\n\t\t\t\t\t\t<div class=\"elementor-element elementor-element-35e9fc0 elementor-widget elementor-widget-heading\" data-id=\"35e9fc0\" data-element_type=\"widget\" data-widget_type=\"heading.default\">\n\t\t\t\t<div class=\"elementor-widget-container\">\n\t\t\t<h2 class=\"elementor-heading-title elementor-size-default\">Ciudadan\u00eda<\/h2>\t\t<\/div>\n\t\t\t\t<\/div>\n\t\t\t\t\t\t<\/div>\n\t\t\t\t\t<\/div>\n\t\t<\/div>\n\t\t\t\t\t\t\t\t<\/div>\n\t\t\t\t\t<\/div>\n\t\t<\/section>\n\t\t\t\t<section class=\"elementor-section elementor-top-section elementor-element elementor-element-a48077b elementor-section-boxed elementor-section-height-default elementor-section-height-default\" data-id=\"a48077b\" data-element_type=\"section\">\n\t\t\t\t\t\t<div class=\"elementor-container elementor-column-gap-default\">\n\t\t\t\t\t\t\t<div class=\"elementor-row\">\n\t\t\t\t\t<div class=\"elementor-column elementor-col-100 elementor-top-column elementor-element elementor-element-b437ee4\" data-id=\"b437ee4\" data-element_type=\"column\">\n\t\t\t<div class=\"elementor-column-wrap elementor-element-populated\">\n\t\t\t\t\t\t\t<div class=\"elementor-widget-wrap\">\n\t\t\t\t\t\t<div class=\"elementor-element elementor-element-c01201a elementor-widget elementor-widget-text-editor\" data-id=\"c01201a\" data-element_type=\"widget\" data-widget_type=\"text-editor.default\">\n\t\t\t\t<div class=\"elementor-widget-container\">\n\t\t\t\t\t<div class=\"elementor-text-editor elementor-clearfix\"><p><strong>Solicitudes de naturalizaci\u00f3n de EE.<\/strong> UU.: Las personas que tienen residencia permanente legal pueden solicitar convertirse en ciudadanos de los EE. UU. naturalizados despu\u00e9s de un per\u00edodo de tres o cinco a\u00f1os.<\/p><p><strong>\u00a0<\/strong><\/p><p>Hay m\u00faltiples maneras para que alguien se convierta en ciudadano de los EstadosUnidos:<\/p><p><strong>Nacimiento <\/strong><\/p><p>Si usted nace en los Estados Unidos, se le concede la ciudadan\u00eda estadounidense basada en el principio<sup>th<\/sup> de ciudadan\u00eda de derecho de nacimiento que est\u00e1 protegido bajo la 14a Enmienda.<\/p><p>\u00a0<\/p><p><strong>NACIDO DE UN CIUDADANO ESTADOUNIDENSE FUERA DE LOS ESTADOS UNIDOS<\/strong><\/p><p>Si usted naci\u00f3 fuera de los Estados Unidos de padres ciudadanos estadounidenses tambi\u00e9n puede recibir la ciudadan\u00eda estadounidense.<\/p><p>\u00a0<\/p><p><strong>NATURALIZACI\u00d3N &#8211; CONVERTIRSE EN CIUDADANO DE LOS EE.UU.<\/strong><\/p><p>La naturalizaci\u00f3n es el proceso por el cual se otorga la ciudadan\u00eda estadounidense a un ciudadano o nacional extranjero despu\u00e9s de que \u00e9l o ella cumple ciertosrequisitos.<\/p><p><strong>\u00a0<\/strong><\/p><p><strong>Requirments:<\/strong><\/p><ol><li><strong>AGE <\/strong>&#8211; Para solicitar la naturalizaci\u00f3n, debe tener al menos 18 a\u00f1os de edad.<\/li><\/ol><p><strong>\u00a0<\/strong><\/p><ol start=\"2\"><li><strong>DEBE ser un RESIDENTE PERMANENTE LEGAL DE LOS EE.UU.<\/strong><\/li><\/ol><p><strong>\u00a0<\/strong><\/p><ol start=\"3\"><li><strong>RESIDENCIA CONTINUA &#8211; <\/strong>Para naturalizarse, debe haber &#8220;residido continuamente&#8221; en los Estados Unidos durante cinco a\u00f1os. <strong>Este requisito es uno de los requisitos m\u00e1s confusos para la naturalizaci\u00f3n.<\/strong> Para satisfacer este requisito, usted debe ser capaz de demostrar que usted no tiene ninguna ausencia prolongada de los Estados Unidos. Las ausencias de los EE. UU. durante entre 6 meses y 1 a\u00f1o probablemente se ver\u00e1n como una interrupci\u00f3n en la residencia continua a menos que pueda demostrar lo contrario. Las ausencias de m\u00e1s de 1 a\u00f1o sin duda ser\u00e1n vistas como un descanso en la continuidad de la residencia.<\/li><\/ol><p>\u00a0<\/p><p><strong>Ausencias de entre 6 meses y 1 a\u00f1o<\/strong><\/p><p><strong>\u00a0<\/strong><\/p><p>Las ausencias de entre 6 meses y 1 a\u00f1o romper\u00e1n el requisito de continuidad de la residencia, a menos que pueda demostrar que no interrumpi\u00f3 su continuidad de residencia.<\/p><p>\u00a0<\/p><p><strong>Evidencia que demuestre que no interrumpi\u00f3 su continuidad de residencia:<\/strong><\/p><p>\u00a0<\/p><ul><li>Mostrando que usted mantuvo un empleo en los EE.UU.<\/li><li>Mostrando que no obtuvo empleo fuera de los EE.UU.<\/li><li>Mostrando que su familia inmediata permaneci\u00f3 en los EE.UU.<\/li><li>Mostrando que usted mantuvo una residencia en los Estados Unidos (por ejemplo, contrato de arrendamiento, facturas de servicios p\u00fablicos, etc.)<\/li><\/ul><p>\u00a0<\/p><p><strong>Ausencias de m\u00e1s de 1 a\u00f1o<\/strong><\/p><p>\u00a0<\/p><p>Si permanece fuera de los EE. UU. por m\u00e1s de 1 a\u00f1o, sin duda se encontrar\u00e1 que ha interrumpido la continuidad de la residencia. Usted no ser\u00e1 capaz de proporcionar evidencia.<\/p><p>\u00a0<\/p><p><strong>Puntos importantes relativos a la residencia continua:<\/strong><\/p><ul><li><strong>Permisos de reingreso: <\/strong>Un permiso de reingreso no preservar\u00e1 su continuidad de residencia. Si sale de los EE. UU. por m\u00e1s de 6 meses con un permiso de reingreso, es posible que se le permita volver a entrar en los EE.UU. utilizando el permiso de reingreso, pero el permiso de reingreso no ayudar\u00e1 a preservar su &#8220;residencia continua&#8221;.<\/li><\/ul><p><strong>\u00a0<\/strong><\/p><p><strong>\u00a0<\/strong><\/p><ul><li><strong>Regla especial si est\u00e1 casado con un ciudadano de los Estados Unidos (3 a\u00f1os de residencia continua en lugar de 5):<\/strong> Para ciertos solicitantes, solo tiene que mostrar 3 a\u00f1os de residencia continua en los Estados Unidos. Para calificar, usted debe ser un residente permanente legal y demostrar que est\u00e1 casado con un c\u00f3nyuge ciudadano estadounidense y que ha estado viviendo con su c\u00f3nyuge ciudadano estadounidense en uni\u00f3n matrimonial durante al menos 3 a\u00f1os desde que se convirti\u00f3 en residente permanente. Esta es una regla altamente t\u00e9cnica que requiere una explicaci\u00f3n detallada para entender completamente.<\/li><\/ul><ul><li><strong>Solicitar temprano: <\/strong>Usted puede ser elegible para solicitar la naturalizaci\u00f3n hasta 90 d\u00edas \u00a0<strong>antes<\/strong> del d\u00eda en que realmente satisfar\u00e1 el requisito de residencia continua. Por lo tanto, si debe mostrar 5 a\u00f1os de presencia continua, puede ser elegible para solicitar la naturalizaci\u00f3n despu\u00e9s de 4 a\u00f1os y 275 d\u00edas de presencia continua. Si debe mostrar 3 a\u00f1os de presencia continua, puede ser elegible para solicitar la naturalizaci\u00f3n despu\u00e9s de 2 a\u00f1os y 275 d\u00edas de presencia continua.<\/li><\/ul><p>\u00a0<\/p><ol start=\"4\"><li><strong>3 MESES DE RESIDENCIA EN UN ESTADO<\/strong><\/li><\/ol><p>Para calificar para la naturalizaci\u00f3n, debe demostrar que ha residido en el estado o distrito de servicio, que solicitar\u00e1 la naturalizaci\u00f3n, durante al menos 3 meses antes de presentar su solicitud denaturalizaci\u00f3n.<\/p><p>\u00a0<\/p><ol start=\"5\"><li><strong>PRESENCIA F\u00cdSICA <\/strong><\/li><\/ol><p>Para naturalizar, debe demostrar que ha estado f\u00edsicamente presente en los EE.UU. como residente permanente legal durante al menos la mitad de los <strong>5 a\u00f1os anteriores <\/strong>antes de solicitar la naturalizaci\u00f3n. Este requisito es muy sencillo en comparaci\u00f3n con el requisito de &#8220;residencia continua&#8221;. Para satisfacer este requisito, debe demostrar que ha estado f\u00edsicamente presente dentro de los estados unidos durante al menos 30 meses durante los \u00faltimos 5 a\u00f1os..<\/p><p>\u00a0<\/p><p><strong>Regla especial si est\u00e1 casado con<\/strong> ciudadanos estadounidenses: Para ciertos solicitantes, solo tiene que demostrar que ha estado f\u00edsicamente presente en los EE. UU. como residente permanente legal durante la mitad de los \u00a0<strong>3 a\u00f1os anteriores <\/strong>\u00a0(no 5 a\u00f1os) antes de solicitar la naturalizaci\u00f3n. Para calificar, usted debe ser un residente permanente legal y demostrar que est\u00e1 casado con un c\u00f3nyuge ciudadano estadounidense y que ha estado viviendo con su c\u00f3nyuge ciudadano estadounidense en uni\u00f3n matrimonial durante al menos 3 a\u00f1os desde que se convirti\u00f3 en residente permanente.\u00a0<\/p><p>\u00a0<\/p><ol start=\"6\"><li><strong>BUEN CAR\u00c1CTER MORAL<\/strong><\/li><\/ol><p>Para naturalizar, debe demostrar que ha sido una persona de buen car\u00e1cter moral durante los 5 a\u00f1os anteriores antes de presentar su solicitud de naturalizaci\u00f3n. Para determinar que usted satisface este requisito, USCIS examina varios factores, incluyendo condenas penales previas, h\u00e1bitos de consumo, historial de pago de impuestos, etc.<\/p><p>\u00a0<\/p><p><strong>Regla especial si est\u00e1 casado con ciudadanos<\/strong> estadounidenses: Para ciertos solicitantes, solo tiene que demostrar que tiene buen car\u00e1cter moral durante el per\u00edodo anterior <strong>de 3 a\u00f1os <\/strong>\u00a0(no 5 a\u00f1os) antes de solicitar la naturalizaci\u00f3n. Para calificar, usted debe ser un residente permanente legal y demostrar que est\u00e1 casado con un c\u00f3nyuge ciudadano estadounidense y que ha estado viviendo con su c\u00f3nyuge ciudadano estadounidense en uni\u00f3n matrimonial durante al menos 3 a\u00f1os desde que se convirti\u00f3 en residente permanente.<\/p><p>\u00a0<\/p><p><strong>Hay m\u00faltiples razones por las que se puede encontrar que alguien carece de buen car\u00e1cter moral. Estos son solo algunos:<\/strong><\/p><ul><li>Cometer uno o m\u00e1s &#8220;cr\u00edmenes que impliquen arrogancia moral&#8221; (CIMT)<\/li><li>Participar en la prostituci\u00f3n<\/li><li>Si has violado alguna ley con respecto a las sustancias controladas (excepto un solo delito por posesi\u00f3n simple de 30 gramos o menos de marihuana)<\/li><li>Si usted ha estado involucrado en el contrabando de extraterrestres<\/li><li>Si ha practicado o est\u00e1 practicando la poligamia<\/li><\/ul><p>Adem\u00e1s de estas razones, hay varias otras maneras en que USCIS puede determinar que alguien carece de buen car\u00e1cter moral. Es importante discutir su caso con un abogado de inmigraci\u00f3n con experiencia antes de solicitar la naturalizaci\u00f3n.<\/p><p>\u00a0<\/p><p>Solicitar la naturalizaci\u00f3n con ciertas condenas penales puede conducir a graves consecuencias a su estatus migratorio, incluyendo ser permanentemente inelegible para naturalizar o incluso ser puesto en procedimientos de expulsi\u00f3n! Por estas razones, es muy importante consultar con un abogado de inmigraci\u00f3n antes de presentar su solicitud de naturalizaci\u00f3n.<\/p><p><strong>\u00a0<\/strong><\/p><ol start=\"7\"><li><strong>CAPACIDAD DE HABLAR INGL\u00c9S<\/strong><\/li><\/ol><p>Para naturalizar, debe demostrar que tiene una comprensi\u00f3n del idioma ingl\u00e9s. Usted lo demuestra leyendo y escribiendo una oraci\u00f3n eningl\u00e9s.<\/p><p>Ciertas personas est\u00e1n exentas de este requisito. Para ver si est\u00e1s exento, no dudes en enviarme un correo electr\u00f3nicodirectamente.<\/p><p>\u00a0<\/p><ol start=\"8\"><li><strong>PRUEBA C\u00cdVICA<\/strong><\/li><\/ol><p>Para naturalizar, debe demostrar que tiene un conocimiento b\u00e1sico de la forma de gobierno de los Estados Unidos, as\u00ed como una comprensi\u00f3n b\u00e1sica de la historia de los Estados Unidos.<\/p><p>Para poner a prueba sus conocimientos, usted est\u00e1 obligado a tomar una prueba de 10 preguntas y debe responder al menos 6 de las 10 preguntas correctamente.<\/p><p>Hay muchos materiales de estudio disponibles para ayudarle a pasar la prueba c\u00edvica.<\/p><p><strong>\u00a0<\/strong><\/p><p><strong>\u00a0<\/strong><\/p><ol start=\"9\"><li><strong>JURAMENTO DE LEALTAD<\/strong><\/li><\/ol><p>Para naturalizar, debes hacer un juramento afirmando que apoyar\u00e1s y defender\u00e1s la constituci\u00f3n entre otras cosas.<\/p><p>Usted puede calificar para tomar un Juramento de Lealtad modificado si se aplican ciertas circunstancias.<\/p><p><strong>\u00a0<\/strong><\/p><p><strong><u>TIEMPO DE NATURLIZACI\u00d3N<\/u><\/strong><\/p><p>El tiempo de procesamiento de naturalizaci\u00f3n, de principio a fin, suele tardar alrededor de 10-14 meses. El tiempo de procesamiento variar\u00e1 dependiendo de la jurisdicci\u00f3n en la que est\u00e9 presentando su solicitud de naturalizaci\u00f3n. En algunas jurisdicciones, el tiempo de procesamiento de naturalizaci\u00f3n es m\u00e1s corto que otros jurisdicciones.<\/p><\/div>\n\t\t\t\t<\/div>\n\t\t\t\t<\/div>\n\t\t\t\t\t\t<\/div>\n\t\t\t\t\t<\/div>\n\t\t<\/div>\n\t\t\t\t\t\t\t\t<\/div>\n\t\t\t\t\t<\/div>\n\t\t<\/section>\n\t\t\t\t<section class=\"elementor-section elementor-top-section elementor-element elementor-element-3489fa6 elementor-section-boxed elementor-section-height-default elementor-section-height-default\" data-id=\"3489fa6\" data-element_type=\"section\">\n\t\t\t\t\t\t<div class=\"elementor-container elementor-column-gap-default\">\n\t\t\t\t\t\t\t<div class=\"elementor-row\">\n\t\t\t\t\t<div class=\"elementor-column elementor-col-100 elementor-top-column elementor-element elementor-element-d7a11dd\" data-id=\"d7a11dd\" data-element_type=\"column\">\n\t\t\t<div class=\"elementor-column-wrap elementor-element-populated\">\n\t\t\t\t\t\t\t<div class=\"elementor-widget-wrap\">\n\t\t\t\t\t\t<div class=\"elementor-element elementor-element-5a47eb7 elementor-widget elementor-widget-heading\" data-id=\"5a47eb7\" data-element_type=\"widget\" data-widget_type=\"heading.default\">\n\t\t\t\t<div class=\"elementor-widget-container\">\n\t\t\t<h2 class=\"elementor-heading-title elementor-size-default\">Contacta con nosotras ahora<\/h2>\t\t<\/div>\n\t\t\t\t<\/div>\n\t\t\t\t<div class=\"elementor-element elementor-element-be361e6 elementor-widget elementor-widget-wpforms\" data-id=\"be361e6\" data-element_type=\"widget\" data-widget_type=\"wpforms.default\">\n\t\t\t\t<div class=\"elementor-widget-container\">\n\t\t\t<div class=\"wpforms-container \" id=\"wpforms-1367\"><form id=\"wpforms-form-1367\" class=\"wpforms-validate wpforms-form\" data-formid=\"1367\" method=\"post\" enctype=\"multipart\/form-data\" action=\"\/index.php?rest_route=%2Fwp%2Fv2%2Fpages%2F1465\" data-token=\"1cdd82344e4c13d9e3a8953577b5f59d\"><noscript class=\"wpforms-error-noscript\">Please enable JavaScript in your browser to complete this form.<\/noscript><div class=\"wpforms-field-container\"><div id=\"wpforms-1367-field_0-container\" class=\"wpforms-field wpforms-field-name\" data-field-id=\"0\"><label class=\"wpforms-field-label wpforms-label-hide\" for=\"wpforms-1367-field_0\">Name <span class=\"wpforms-required-label\">*<\/span><\/label><input type=\"text\" id=\"wpforms-1367-field_0\" class=\"wpforms-field-large wpforms-field-required\" name=\"wpforms[fields][0]\" placeholder=\"Your Name\" required><\/div><div id=\"wpforms-1367-field_1-container\" class=\"wpforms-field wpforms-field-email\" data-field-id=\"1\"><label class=\"wpforms-field-label wpforms-label-hide\" for=\"wpforms-1367-field_1\">Email <span class=\"wpforms-required-label\">*<\/span><\/label><input type=\"email\" id=\"wpforms-1367-field_1\" class=\"wpforms-field-large wpforms-field-required\" name=\"wpforms[fields][1]\" placeholder=\"Your Email\" required><\/div><div id=\"wpforms-1367-field_3-container\" class=\"wpforms-field wpforms-field-text\" data-field-id=\"3\"><label class=\"wpforms-field-label wpforms-label-hide\" for=\"wpforms-1367-field_3\">Subject <span class=\"wpforms-required-label\">*<\/span><\/label><input type=\"text\" id=\"wpforms-1367-field_3\" class=\"wpforms-field-large wpforms-field-required\" name=\"wpforms[fields][3]\" placeholder=\"Subject\" required><\/div><div id=\"wpforms-1367-field_2-container\" class=\"wpforms-field wpforms-field-textarea\" data-field-id=\"2\"><label class=\"wpforms-field-label wpforms-label-hide\" for=\"wpforms-1367-field_2\">Comment or Message <span class=\"wpforms-required-label\">*<\/span><\/label><textarea id=\"wpforms-1367-field_2\" class=\"wpforms-field-medium wpforms-field-required\" name=\"wpforms[fields][2]\" placeholder=\"Your Message\" required><\/textarea><\/div><\/div><div class=\"wpforms-field wpforms-field-hp\"><label for=\"wpforms-1367-field-hp\" class=\"wpforms-field-label\">Message<\/label><input type=\"text\" name=\"wpforms[hp]\" id=\"wpforms-1367-field-hp\" class=\"wpforms-field-medium\"><\/div><div class=\"wpforms-submit-container\" ><input type=\"hidden\" name=\"wpforms[id]\" value=\"1367\"><input type=\"hidden\" name=\"wpforms[author]\" value=\"1\"><button type=\"submit\" name=\"wpforms[submit]\" class=\"wpforms-submit \" id=\"wpforms-submit-1367\" value=\"wpforms-submit\" aria-live=\"assertive\" data-alt-text=\"Sending...\" data-submit-text=\"Submit\">Submit<\/button><\/div><\/form><\/div>  <!-- .wpforms-container -->\t\t<\/div>\n\t\t\t\t<\/div>\n\t\t\t\t\t\t<\/div>\n\t\t\t\t\t<\/div>\n\t\t<\/div>\n\t\t\t\t\t\t\t\t<\/div>\n\t\t\t\t\t<\/div>\n\t\t<\/section>\n\t\t\t\t\t\t<\/div>\n\t\t\t\t\t\t<\/div>\n\t\t\t\t\t<\/div>\n\t\t","protected":false},"excerpt":{"rendered":"<p>Ciudadan\u00eda Solicitudes de naturalizaci\u00f3n de EE. UU.: Las personas que tienen residencia permanente legal pueden solicitar convertirse en ciudadanos de los EE. UU. naturalizados despu\u00e9s de un per\u00edodo de tres o cinco a\u00f1os. &nbsp; Hay m\u00faltiples maneras para que alguien se convierta en ciudadano de los EstadosUnidos: Nacimiento Si usted nace en los Estados Unidos, &hellip;<\/p>\n<p class=\"read-more\"> <a class=\"\" href=\"https:\/\/tzglaw.com\/?page_id=1465\"> <span class=\"screen-reader-text\">Ciudadan\u00eda<\/span> Read More &raquo;<\/a><\/p>\n","protected":false},"author":1,"featured_media":0,"parent":0,"menu_order":0,"comment_status":"closed","ping_status":"closed","template":"","meta":[],"_links":{"self":[{"href":"https:\/\/tzglaw.com\/index.php?rest_route=\/wp\/v2\/pages\/1465"}],"collection":[{"href":"https:\/\/tzglaw.com\/index.php?rest_route=\/wp\/v2\/pages"}],"about":[{"href":"https:\/\/tzglaw.com\/index.php?rest_route=\/wp\/v2\/types\/page"}],"author":[{"embeddable":true,"href":"https:\/\/tzglaw.com\/index.php?rest_route=\/wp\/v2\/users\/1"}],"replies":[{"embeddable":true,"href":"https:\/\/tzglaw.com\/index.php?rest_route=%2Fwp%2Fv2%2Fcomments&post=1465"}],"version-history":[{"count":4,"href":"https:\/\/tzglaw.com\/index.php?rest_route=\/wp\/v2\/pages\/1465\/revisions"}],"predecessor-version":[{"id":1580,"href":"https:\/\/tzglaw.com\/index.php?rest_route=\/wp\/v2\/pages\/1465\/revisions\/1580"}],"wp:attachment":[{"href":"https:\/\/tzglaw.com\/index.php?rest_route=%2Fwp%2Fv2%2Fmedia&parent=1465"}],"curies":[{"name":"wp","href":"https:\/\/api.w.org\/{rel}","templated":true}]}}