{"id":1430,"date":"2020-11-04T17:14:33","date_gmt":"2020-11-04T17:14:33","guid":{"rendered":"http:\/\/tzglaw.com\/?page_id=1430"},"modified":"2020-11-04T23:08:11","modified_gmt":"2020-11-04T23:08:11","slug":"k1-visa","status":"publish","type":"page","link":"https:\/\/tzglaw.com\/?page_id=1430","title":{"rendered":"K1 Visa"},"content":{"rendered":"\t\t<div data-elementor-type=\"wp-page\" data-elementor-id=\"1430\" class=\"elementor elementor-1430\" data-elementor-settings=\"[]\">\n\t\t\t\t\t\t<div class=\"elementor-inner\">\n\t\t\t\t\t\t\t<div class=\"elementor-section-wrap\">\n\t\t\t\t\t\t\t<section class=\"elementor-section elementor-top-section elementor-element elementor-element-ae10787 elementor-section-boxed elementor-section-height-default elementor-section-height-default\" data-id=\"ae10787\" data-element_type=\"section\">\n\t\t\t\t\t\t<div class=\"elementor-container elementor-column-gap-default\">\n\t\t\t\t\t\t\t<div class=\"elementor-row\">\n\t\t\t\t\t<div class=\"elementor-column elementor-col-100 elementor-top-column elementor-element elementor-element-adbc420\" data-id=\"adbc420\" data-element_type=\"column\">\n\t\t\t<div class=\"elementor-column-wrap elementor-element-populated\">\n\t\t\t\t\t\t\t<div class=\"elementor-widget-wrap\">\n\t\t\t\t\t\t<div class=\"elementor-element elementor-element-ecc2cbd elementor-widget elementor-widget-heading\" data-id=\"ecc2cbd\" data-element_type=\"widget\" data-widget_type=\"heading.default\">\n\t\t\t\t<div class=\"elementor-widget-container\">\n\t\t\t<h2 class=\"elementor-heading-title elementor-size-default\">K1 VISA<\/h2>\t\t<\/div>\n\t\t\t\t<\/div>\n\t\t\t\t\t\t<\/div>\n\t\t\t\t\t<\/div>\n\t\t<\/div>\n\t\t\t\t\t\t\t\t<\/div>\n\t\t\t\t\t<\/div>\n\t\t<\/section>\n\t\t\t\t<section class=\"elementor-section elementor-top-section elementor-element elementor-element-1c30bab elementor-section-boxed elementor-section-height-default elementor-section-height-default\" data-id=\"1c30bab\" data-element_type=\"section\">\n\t\t\t\t\t\t<div class=\"elementor-container elementor-column-gap-default\">\n\t\t\t\t\t\t\t<div class=\"elementor-row\">\n\t\t\t\t\t<div class=\"elementor-column elementor-col-100 elementor-top-column elementor-element elementor-element-42b6fb6\" data-id=\"42b6fb6\" data-element_type=\"column\">\n\t\t\t<div class=\"elementor-column-wrap elementor-element-populated\">\n\t\t\t\t\t\t\t<div class=\"elementor-widget-wrap\">\n\t\t\t\t\t\t<div class=\"elementor-element elementor-element-d274331 elementor-widget elementor-widget-text-editor\" data-id=\"d274331\" data-element_type=\"widget\" data-widget_type=\"text-editor.default\">\n\t\t\t\t<div class=\"elementor-widget-container\">\n\t\t\t\t\t<div class=\"elementor-text-editor elementor-clearfix\"><div class=\"faq_item\"><h5>1 \u2013 What is K1 Visa<\/h5><p>The K1 visa (also called the fianc\u00e9 visa) is a special visa which allows the fianc\u00e9 of a U.S. citizen to enter the United States, marry their U.S. citizen fianc\u00e9, and adjust status in the United States to get their green card.<\/p><\/div><div class=\"faq_item\"><h5>2 \u2013 How works?<\/h5><p>To get a K1 visa, your U.S. citizen fianc\u00e9 must file a Form I-129f on your behalf in addition to other steps discussed below. Your U.S. citizen fianc\u00e9 is the petitioner (person filing the petition) and you (the person getting the K1 visa) are the beneficiary (person benefiting from the petition).<\/p><p>Getting a K1 visa based on your engagement to a US citizen can be a complicated process. You must meet specific eligibility requirements and you must follow precise steps. If you fail to file paperwork correctly or you fail to complete the necessary steps then your case may face huge delays, or even worse, be denied.<\/p><\/div><div class=\"faq_item\"><h5>3 \u2013 K1 Benefits<\/h5><ul><li><em>Eligibility to Adjust Status in the United States<\/em><\/li><\/ul><p>One of the main benefits of a K1 visa is that it allows you to enter the U.S. for the purpose of marrying your U.S. citizen fianc\u00e9. In fact, one of the requirements of the K1 visa is that both the parties must have the intent to marry each other within 90 days of the K1 visa beneficiary\u2019s entry to the U.S. If you get married to each other within 90 days of your entry to the U.S., you can apply for an adjustment of status to get your green card. An adjustment of status is the process of becoming a lawful permanent resident (U.S. green card holder) while inside of the U.S. The entire adjustment of status is done within the United States, without the need for the K1 visa beneficiary to leave the country for a visa interview.<\/p><ul><li><em>Ability to Apply for Work Authorization<\/em><\/li><\/ul><p>Another benefit of a K1 visa is that it allows you to apply for work authorization immediately upon entering the United States on your K1 visa. You may apply for work authorization once you have been admitted into the U.S. on a K1 visa by filing a Form I-765 (Application for Employment Authorization). If you apply for work authorization before getting married to your U.S. citizen fianc\u00e9, then the work authorization will expire 90 days after your admission to the U.S.<\/p><p>In addition to applying for work authorization upon entering the U.S. you also may be eligible to apply for work authorization when you apply for your adjustment of status (after marriage to your U.S. citizen spouse).<\/p><ul><li><em>Immigration Benefits for Your Children<\/em><\/li><\/ul><p>Another benefit of the K1 visa is that it may provide immigration benefits for your children. If you child is unmarried and under the age of 21 years old, they may qualify for a K2 visa to accompany you to the United States. Once you marry your U.S. citizen fianc\u00e9, your unmarried children that are in the U.S. on their K2 visa may apply for an adjustment of status to get their green card as well.<\/p><ul><li><em>Avoid Filing the Form I-130<\/em><\/li><\/ul><p>Usually, to get a marriage based green card, your spouse is required to file a Form I-130 \u201cPetition for Alien Relative\u201d on your behalf. With a K1 fianc\u00e9 visa, you can avoid the I-130 process and apply directly for the adjustment of status (Form I-485) upon entry to the U.S. and marriage to your U.S. citizen fianc\u00e9.<\/p><\/div><div class=\"faq_item\"><h5>4 \u2013 K1 Requirements<\/h5><ul><li><em>Petitioner Must be a U.S. Citizen \u00a0<\/em><\/li><\/ul><p>In order to qualify for a K1 visa, the petitioner (your fianc\u00e9) must be a U.S. citizen. U.S. lawful permanent residents (green card holders) are not eligible act as the petitioner for a K1 visa application.<\/p><ul><li><em>Both Parties Must be Free to Marry<\/em><\/li><\/ul><p>To qualify for a K1 visa, both parties must be legally free to marry. This means that all prior marriages (if applicable) must be terminated.<\/p><ul><li><em>Intent to Get Married within 90 Days<\/em><\/li><\/ul><p>To qualify for a K1 visa, both parties must intend to get married to each other within 90 days of the K1 visa beneficiary\u2019s admission to the U.S. As part of the initial petition for a K1 visa, The U.S. citizen petitioner must submit clear evidence demonstrating both parties\u2019 intent to get married.<\/p><ul><li><em>Physical Meeting Requirement<\/em><\/li><\/ul><p>To qualify for a K1 visa, you must prove that you and your fianc\u00e9 met in person within the two-years prior to filing the initial petition for a K1 visa. This requirement was put in place to deter situations involving \u201cmail-order brides.\u201d<\/p><\/div><div class=\"faq_item\"><h5>5 \u2013 K1 Visa Process<\/h5><ol><li>Satisfy K1 Visa Requirements<br \/>The first step in the K1 visa process is to make sure you satisfy the K1 visa requirements. Two requirements that you should pay particular attention to are the listed below:<br \/>\u2013 End to prior marriages: You and your fianc\u00e9 must be legally eligible for marriage, or in other words if you or your fianc\u00e9(e) had been married before, your previous marriage must be officially terminated.<br \/>\u2013 Physical Meeting: Within two years of filing the Form I-129f, you and your fianc\u00e9 must have met in person at least once. If you cannot satisfy this requirement, make sure that you fall in to one of the exceptions described above.<\/li><li>S. Citizen Petitioner Files Form 1-129f<br \/>The next step in the K1 visa process is for the U.S. citizen petitioner to file the Form I-129F with USCIS. The I-129F, or the \u201cPetition for Alien Fianc\u00e9(e)\u201d, is the first form that is filed with the United States Citizen and Immigration Services (USCIS).<br \/>The Form I-129f is filed along with several evidentiary documents including proof that you intend to marry your fianc\u00e9 within 90 days of your arrival into the U.S. and proof that you have met your fianc\u00e9 within the last two years of filing.<br \/>Essentially, the Form I-12fF proves that you satisfy the K1 visa requirements.<\/li><li>File Form DS-160<br \/>After the U.S. citizen petitioner files the Form I-129f, USCIS will review the form for approval. Once USCIS approves the Form I-129F, the next step is for the K1 visa beneficiary to file a Form DS-160 with the Department of State. The DS-160 is the Application for Non-Immigrant Visa.<\/li><li>K1 Visa Interview<br \/>The next step is for the K1 visa beneficiary to attend a K1 visa interview at a U.S. consulate or embassy in their home country.<br \/>At the interview, you must bring all required forms and documents and answer various questions concerning yourself, your U.S. citizen fianc\u00e9, and your relationship with your U.S. citizen fianc\u00e9.<\/li><li>Enter the U.S. on K1 Visa (Inspection at Port of Entry)<br \/>After you successfully complete your K1 visa interview, you should receive a valid K1 visa to seek entry to the U.S. Once you receive your K1 visa, the next step is to seek entry to the United States. At the Port of Entry (POE) you will likely be questioned by Customs and Border Protection regarding the purpose of your entry to the United States.<\/li><li>Marriage<br \/>After you have been admitted to the U.S. with your K1 visa, the next step is to marry your U.S. citizen fianc\u00e9. You must marry your U.S. citizen fianc\u00e9 within 90 days of your arrival into the U.S.<\/li><li>Adjustment of Status<br \/>Assuming you and your U.S. citizen fianc\u00e9 got married within 90 days of your entry to the U.S. the next step is to apply for an adjustment of status. An adjustment of status is the process of going from non-immigrant status to permanent resident status (green card). To do this, you are required to file a Form I-485 with USCIS. The Form I-485 is \u201cApplication to Register Permanent residence or Adjust Status.\u201d The adjustment of status process is handled entirely in the U.S<\/li><li>Adjustment of Status Interview<br \/>Several months after applying for your adjustment of status (Form I-485), you may be required to attend an adjustment of status interview. At the adjustment of status interview, a USCIS officer in charge of your case will ask various questions to determine whether your marriage is bona-fide and not just entered into for immigration benefits.<\/li><\/ol><p>\u00a0<\/p><\/div><div class=\"faq_item\"><h5>6 \u2013 Documents you need to get the K1 visa.<\/h5><p>There are many documents that you may need to include with your petition for a K1 visa. The required documents will vary depending on your particular situation and the evidence that you have available. Below is a general list of some of the documents that may be required at the Form I-129f stage.<\/p><ul><li>Unexpired passport of U.S. citizen petitioner to show evidence of U.S. citizenship<\/li><li>Final divorce decrees and any other evidence that you or your fianc\u00e9 have legally terminated all previous marriages (if applicable)<\/li><li>Passport photos<\/li><li>Evidence of legal name change (if applicable)<\/li><li>Photo of you and your fianc\u00e9 together<\/li><li>Flight tickets, itinerary, and passport stamps showing travel to see fianc\u00e9<\/li><li>A signed statement from the K1 visa beneficiary and the U.S. citizen petitioner expressing each person\u2019s intent to marry the other within 90 days of the K1 visa beneficiary\u2019s entry to the U.S.<\/li><li>Phone call logs showing regular communication with each other<\/li><li>Text message threads showing regular communication with each other<\/li><li>Copies of letters exchanged between each other<\/li><li>Signed statements from friends and family attesting to the relationship between both parties.<\/li><\/ul><p>Keep in mind that this is a general list. We should review your case in detail to see if more documents need to be added to the request.<\/p><p>\u00a0<\/p><\/div><div class=\"faq_item\"><h5>7 \u2013 K1 Visa Form<\/h5><ul><li>Form I-129f: The Form I-129f is also called the \u201cPetition for Alien Fianc\u00e9(e).\u201d This is the initial form that is filed by the U.S. citizen petitioner with USCIS. This form is filed along with several documents establishing that the petitioner is a U.S. citizen, that both parties intend to get married within 90 days of the K1 visa beneficiary\u2019s entry to the U.S. and that both parties have met within the last 2 years prior to filing the petition<\/li><li>Form I-765: The Form I-765 is also called the \u201cApplication for Employment Authorization.\u201d This form can be filed at 2 separate times throughout the K1 visa process. You may file this form upon your entry to the U.S. on a K1 visa to get work authorization prior to marrying your U.S. citizen fianc\u00e9. You may also file this form at the adjustment of status stage<\/li><li>Form DS-160: The Form DS-160 is the Online Nonimmigrant Visa Application. You must complete this form and submit it online in order to apply for your K1 visa.<\/li><li>Form I-485: This form I-485 is the Application to Register Permanent Residence or Adjust Status. This is the form that must be filed to go from non-immigrant status to permanent resident status (green card). This is the form that you file after you marry your U.S. citizen fianc\u00e9<\/li><\/ul><p>The K1 visa is a special visa which allows the fianc\u00e9 of a U.S. citizen to enter the United States, get married to their U.S. citizen fianc\u00e9, and adjust status in the U.S. to get their green card. You should now have a much stronger understanding of the various aspects of the K1 visa, including the K1 visa benefits, K1 visa requirements, and K1 visa process.<\/p><\/div><\/div>\n\t\t\t\t<\/div>\n\t\t\t\t<\/div>\n\t\t\t\t<div class=\"elementor-element elementor-element-1a657d3 elementor-widget elementor-widget-heading\" data-id=\"1a657d3\" data-element_type=\"widget\" data-widget_type=\"heading.default\">\n\t\t\t\t<div class=\"elementor-widget-container\">\n\t\t\t<h2 class=\"elementor-heading-title elementor-size-default\">CONTACT US NOW<\/h2>\t\t<\/div>\n\t\t\t\t<\/div>\n\t\t\t\t<div class=\"elementor-element elementor-element-e44bf15 elementor-widget elementor-widget-wpforms\" data-id=\"e44bf15\" data-element_type=\"widget\" data-widget_type=\"wpforms.default\">\n\t\t\t\t<div class=\"elementor-widget-container\">\n\t\t\t<div class=\"wpforms-container \" id=\"wpforms-1367\"><form id=\"wpforms-form-1367\" class=\"wpforms-validate wpforms-form\" data-formid=\"1367\" method=\"post\" enctype=\"multipart\/form-data\" action=\"\/index.php?rest_route=%2Fwp%2Fv2%2Fpages%2F1430\" data-token=\"1cdd82344e4c13d9e3a8953577b5f59d\"><noscript class=\"wpforms-error-noscript\">Please enable JavaScript in your browser to complete this form.<\/noscript><div class=\"wpforms-field-container\"><div id=\"wpforms-1367-field_0-container\" class=\"wpforms-field wpforms-field-name\" data-field-id=\"0\"><label class=\"wpforms-field-label wpforms-label-hide\" for=\"wpforms-1367-field_0\">Name <span class=\"wpforms-required-label\">*<\/span><\/label><input type=\"text\" id=\"wpforms-1367-field_0\" class=\"wpforms-field-large wpforms-field-required\" name=\"wpforms[fields][0]\" placeholder=\"Your Name\" required><\/div><div id=\"wpforms-1367-field_1-container\" class=\"wpforms-field wpforms-field-email\" data-field-id=\"1\"><label class=\"wpforms-field-label wpforms-label-hide\" for=\"wpforms-1367-field_1\">Email <span class=\"wpforms-required-label\">*<\/span><\/label><input type=\"email\" id=\"wpforms-1367-field_1\" class=\"wpforms-field-large wpforms-field-required\" name=\"wpforms[fields][1]\" placeholder=\"Your Email\" required><\/div><div id=\"wpforms-1367-field_3-container\" class=\"wpforms-field wpforms-field-text\" data-field-id=\"3\"><label class=\"wpforms-field-label wpforms-label-hide\" for=\"wpforms-1367-field_3\">Subject <span class=\"wpforms-required-label\">*<\/span><\/label><input type=\"text\" id=\"wpforms-1367-field_3\" class=\"wpforms-field-large wpforms-field-required\" name=\"wpforms[fields][3]\" placeholder=\"Subject\" required><\/div><div id=\"wpforms-1367-field_2-container\" class=\"wpforms-field wpforms-field-textarea\" data-field-id=\"2\"><label class=\"wpforms-field-label wpforms-label-hide\" for=\"wpforms-1367-field_2\">Comment or Message <span class=\"wpforms-required-label\">*<\/span><\/label><textarea id=\"wpforms-1367-field_2\" class=\"wpforms-field-medium wpforms-field-required\" name=\"wpforms[fields][2]\" placeholder=\"Your Message\" required><\/textarea><\/div><\/div><div class=\"wpforms-field wpforms-field-hp\"><label for=\"wpforms-1367-field-hp\" class=\"wpforms-field-label\">Name<\/label><input type=\"text\" name=\"wpforms[hp]\" id=\"wpforms-1367-field-hp\" class=\"wpforms-field-medium\"><\/div><div class=\"wpforms-submit-container\" ><input type=\"hidden\" name=\"wpforms[id]\" value=\"1367\"><input type=\"hidden\" name=\"wpforms[author]\" value=\"1\"><button type=\"submit\" name=\"wpforms[submit]\" class=\"wpforms-submit \" id=\"wpforms-submit-1367\" value=\"wpforms-submit\" aria-live=\"assertive\" data-alt-text=\"Sending...\" data-submit-text=\"Submit\">Submit<\/button><\/div><\/form><\/div>  <!-- .wpforms-container -->\t\t<\/div>\n\t\t\t\t<\/div>\n\t\t\t\t\t\t<\/div>\n\t\t\t\t\t<\/div>\n\t\t<\/div>\n\t\t\t\t\t\t\t\t<\/div>\n\t\t\t\t\t<\/div>\n\t\t<\/section>\n\t\t\t\t\t\t<\/div>\n\t\t\t\t\t\t<\/div>\n\t\t\t\t\t<\/div>\n\t\t","protected":false},"excerpt":{"rendered":"<p>K1 VISA 1 \u2013 What is K1 Visa The K1 visa (also called the fianc\u00e9 visa) is a special visa which allows the fianc\u00e9 of a U.S. citizen to enter the United States, marry their U.S. citizen fianc\u00e9, and adjust status in the United States to get their green card. 2 \u2013 How works? To &hellip;<\/p>\n<p class=\"read-more\"> <a class=\"\" href=\"https:\/\/tzglaw.com\/?page_id=1430\"> <span class=\"screen-reader-text\">K1 Visa<\/span> Read More &raquo;<\/a><\/p>\n","protected":false},"author":1,"featured_media":0,"parent":0,"menu_order":0,"comment_status":"closed","ping_status":"closed","template":"","meta":[],"_links":{"self":[{"href":"https:\/\/tzglaw.com\/index.php?rest_route=\/wp\/v2\/pages\/1430"}],"collection":[{"href":"https:\/\/tzglaw.com\/index.php?rest_route=\/wp\/v2\/pages"}],"about":[{"href":"https:\/\/tzglaw.com\/index.php?rest_route=\/wp\/v2\/types\/page"}],"author":[{"embeddable":true,"href":"https:\/\/tzglaw.com\/index.php?rest_route=\/wp\/v2\/users\/1"}],"replies":[{"embeddable":true,"href":"https:\/\/tzglaw.com\/index.php?rest_route=%2Fwp%2Fv2%2Fcomments&post=1430"}],"version-history":[{"count":3,"href":"https:\/\/tzglaw.com\/index.php?rest_route=\/wp\/v2\/pages\/1430\/revisions"}],"predecessor-version":[{"id":1493,"href":"https:\/\/tzglaw.com\/index.php?rest_route=\/wp\/v2\/pages\/1430\/revisions\/1493"}],"wp:attachment":[{"href":"https:\/\/tzglaw.com\/index.php?rest_route=%2Fwp%2Fv2%2Fmedia&parent=1430"}],"curies":[{"name":"wp","href":"https:\/\/api.w.org\/{rel}","templated":true}]}}